{"id":350,"date":"2020-02-17T14:43:10","date_gmt":"2020-02-17T14:43:10","guid":{"rendered":"http:\/\/sauvepargrace.com\/?page_id=350"},"modified":"2020-02-17T20:58:08","modified_gmt":"2020-02-17T20:58:08","slug":"histoire","status":"publish","type":"page","link":"https:\/\/sauvepargrace.com\/es\/histoire\/","title":{"rendered":"Historia"},"content":{"rendered":"<div data-elementor-type=\"wp-page\" data-elementor-id=\"350\" class=\"elementor elementor-350\" data-elementor-post-type=\"page\">\n\t\t\t\t\t\t<section class=\"elementor-section elementor-top-section elementor-element elementor-element-7a852f2b elementor-section-height-full elementor-section-content-middle elementor-section-boxed elementor-section-height-default elementor-section-items-middle\" data-id=\"7a852f2b\" data-element_type=\"section\" data-e-type=\"section\" data-settings=\"{&quot;background_background&quot;:&quot;classic&quot;}\">\n\t\t\t\t\t\t<div class=\"elementor-container elementor-column-gap-default\">\n\t\t\t\t\t<div class=\"elementor-column elementor-col-100 elementor-top-column elementor-element elementor-element-4fe03d16\" data-id=\"4fe03d16\" data-element_type=\"column\" data-e-type=\"column\">\n\t\t\t<div class=\"elementor-widget-wrap elementor-element-populated\">\n\t\t\t\t\t\t<div class=\"elementor-element elementor-element-79b3e327 elementor-widget elementor-widget-heading\" data-id=\"79b3e327\" data-element_type=\"widget\" data-e-type=\"widget\" data-widget_type=\"heading.default\">\n\t\t\t\t<div class=\"elementor-widget-container\">\n\t\t\t\t\t<h2 class=\"elementor-heading-title elementor-size-default\">Pr\u00f3ximamente en l\u00ednea<\/h2>\t\t\t\t<\/div>\n\t\t\t\t<\/div>\n\t\t\t\t<div class=\"elementor-element elementor-element-7ce0ff01 elementor-widget elementor-widget-text-editor\" data-id=\"7ce0ff01\" data-element_type=\"widget\" data-e-type=\"widget\" data-widget_type=\"text-editor.default\">\n\t\t\t\t<div class=\"elementor-widget-container\">\n\t\t\t\t\t\t\t\t\t<p class=\"p1\">Muy pronto, le daremos acceso a contenido de calidad en espa\u00f1ol.\u00a0<\/p>\t\t\t\t\t\t\t\t<\/div>\n\t\t\t\t<\/div>\n\t\t\t\t\t<\/div>\n\t\t<\/div>\n\t\t\t\t\t<\/div>\n\t\t<\/section>\n\t\t\t\t<\/div>","protected":false},"excerpt":{"rendered":"<p>Bient\u00f4t en ligne Tr\u00e8s bient\u00f4t, nous vous donnerons acc\u00e8s \u00e0 du contenu\u00a0 francophone de qualit\u00e9.\u00a0<\/p>","protected":false},"author":1,"featured_media":0,"parent":0,"menu_order":0,"comment_status":"closed","ping_status":"closed","template":"","meta":{"footnotes":""},"class_list":["post-350","page","type-page","status-publish","hentry"],"_links":{"self":[{"href":"https:\/\/sauvepargrace.com\/es\/wp-json\/wp\/v2\/pages\/350","targetHints":{"allow":["GET"]}}],"collection":[{"href":"https:\/\/sauvepargrace.com\/es\/wp-json\/wp\/v2\/pages"}],"about":[{"href":"https:\/\/sauvepargrace.com\/es\/wp-json\/wp\/v2\/types\/page"}],"author":[{"embeddable":true,"href":"https:\/\/sauvepargrace.com\/es\/wp-json\/wp\/v2\/users\/1"}],"replies":[{"embeddable":true,"href":"https:\/\/sauvepargrace.com\/es\/wp-json\/wp\/v2\/comments?post=350"}],"version-history":[{"count":2,"href":"https:\/\/sauvepargrace.com\/es\/wp-json\/wp\/v2\/pages\/350\/revisions"}],"predecessor-version":[{"id":395,"href":"https:\/\/sauvepargrace.com\/es\/wp-json\/wp\/v2\/pages\/350\/revisions\/395"}],"wp:attachment":[{"href":"https:\/\/sauvepargrace.com\/es\/wp-json\/wp\/v2\/media?parent=350"}],"curies":[{"name":"wp","href":"https:\/\/api.w.org\/{rel}","templated":true}]}}